{"id":100486,"date":"2022-12-06T18:03:43","date_gmt":"2022-12-06T15:03:43","guid":{"rendered":"https:\/\/personallytics.com\/pati-dd\/"},"modified":"2024-12-13T00:04:18","modified_gmt":"2024-12-12T21:04:18","slug":"pati-dd","status":"publish","type":"page","link":"https:\/\/personallytics.com\/tr\/pati-dd\/","title":{"rendered":"PAti-DD (Duygu Durum)"},"content":{"rendered":"<p>[et_pb_section fb_built=&#8221;1&#8243; _builder_version=&#8221;4.19.1&#8243; _module_preset=&#8221;default&#8221; background_color=&#8221;rgba(0,0,0,0.29)&#8221; background_image=&#8221;https:\/\/personallytics.com\/wp-content\/uploads\/2022\/11\/slider_abstract_background.jpg&#8221; background_blend=&#8221;multiply&#8221; custom_padding=&#8221;30px|0px|30px|0px|false|false&#8221; global_colors_info=&#8221;{}&#8221;][et_pb_row _builder_version=&#8221;4.19.1&#8243; _module_preset=&#8221;default&#8221; global_colors_info=&#8221;{}&#8221;][et_pb_column type=&#8221;4_4&#8243; _builder_version=&#8221;4.19.1&#8243; _module_preset=&#8221;default&#8221; global_colors_info=&#8221;{}&#8221;][et_pb_post_title meta=&#8221;off&#8221; featured_image=&#8221;off&#8221; _builder_version=&#8221;4.19.1&#8243; _module_preset=&#8221;default&#8221; title_font=&#8221;|300|||||||&#8221; title_text_align=&#8221;center&#8221; title_text_color=&#8221;#FFFFFF&#8221; title_font_size=&#8221;46px&#8221; custom_padding=&#8221;0px|0px|0px|0px|false|false&#8221; custom_padding_tablet=&#8221;0px|0px|0px|0px|false|false&#8221; custom_padding_phone=&#8221;0px|0px|0px|0px|false|false&#8221; custom_padding_last_edited=&#8221;on|desktop&#8221; title_font_size_tablet=&#8221;40px&#8221; title_font_size_phone=&#8221;34px&#8221; title_font_size_last_edited=&#8221;on|phone&#8221; global_colors_info=&#8221;{}&#8221;][\/et_pb_post_title][\/et_pb_column][\/et_pb_row][\/et_pb_section][et_pb_section fb_built=&#8221;1&#8243; custom_padding_last_edited=&#8221;on|phone&#8221; admin_label=&#8221;Canvas Content#3 Light&#8221; module_class=&#8221;canvas-content-3 canvas-light&#8221; _builder_version=&#8221;4.19.1&#8243; _module_preset=&#8221;default&#8221; custom_padding=&#8221;80px||80px||true|false&#8221; custom_padding_tablet=&#8221;60px||60px||true|false&#8221; custom_padding_phone=&#8221;40px||40px||true|false&#8221; overflow-x_tablet=&#8221;&#8221; overflow-x_phone=&#8221;&#8221; overflow-x_last_edited=&#8221;on|desktop&#8221; locked=&#8221;off&#8221; collapsed=&#8221;off&#8221; global_colors_info=&#8221;{}&#8221;][et_pb_row column_structure=&#8221;1_4,1_2,1_4&#8243; use_custom_gutter=&#8221;on&#8221; gutter_width=&#8221;1&#8243; make_equal=&#8221;on&#8221; _builder_version=&#8221;4.19.2&#8243; _module_preset=&#8221;default&#8221; width=&#8221;90%&#8221; width_tablet=&#8221;90%&#8221; width_phone=&#8221;80%&#8221; width_last_edited=&#8221;on|phone&#8221; custom_padding=&#8221;0px||0px||true|false&#8221; global_colors_info=&#8221;{}&#8221;][et_pb_column type=&#8221;1_4&#8243; _builder_version=&#8221;4.19.2&#8243; _module_preset=&#8221;default&#8221; custom_padding=&#8221;|3vw|||false|false&#8221; global_colors_info=&#8221;{}&#8221;][et_pb_image src=&#8221;https:\/\/personallytics.com\/wp-content\/uploads\/2024\/12\/pati_es.png&#8221; title_text=&#8221;pati_es&#8221; align=&#8221;right&#8221; align_tablet=&#8221;center&#8221; align_phone=&#8221;center&#8221; align_last_edited=&#8221;on|phone&#8221; _builder_version=&#8221;4.27.4&#8243; _module_preset=&#8221;default&#8221; width=&#8221;60%&#8221; width_tablet=&#8221;25%&#8221; width_phone=&#8221;40%&#8221; width_last_edited=&#8221;on|phone&#8221; module_alignment=&#8221;right&#8221; custom_margin_tablet=&#8221;||40px||false|false&#8221; custom_margin_phone=&#8221;||25px||false|false&#8221; custom_margin_last_edited=&#8221;on|phone&#8221; hover_enabled=&#8221;0&#8243; module_alignment_tablet=&#8221;center&#8221; module_alignment_phone=&#8221;center&#8221; module_alignment_last_edited=&#8221;on|desktop&#8221; global_colors_info=&#8221;{}&#8221; sticky_enabled=&#8221;0&#8243;][\/et_pb_image][\/et_pb_column][et_pb_column type=&#8221;1_2&#8243; _builder_version=&#8221;4.19.2&#8243; _module_preset=&#8221;default&#8221; custom_padding=&#8221;|||3vw|false|false&#8221; custom_padding_tablet=&#8221;|||0vw|false|false&#8221; custom_padding_phone=&#8221;|||0vw|false|false&#8221; custom_padding_last_edited=&#8221;on|phone&#8221; border_width_left=&#8221;1px&#8221; border_color_left=&#8221;rgba(0,0,0,0.1)&#8221; border_style_left=&#8221;solid&#8221; border_width_all_tablet=&#8221;&#8221; border_width_all_phone=&#8221;&#8221; border_width_all_last_edited=&#8221;on|tablet&#8221; border_width_left_tablet=&#8221;0px&#8221; border_width_left_phone=&#8221;0px&#8221; border_width_left_last_edited=&#8221;on|phone&#8221; global_colors_info=&#8221;{}&#8221;][et_pb_text module_class=&#8221;canvas-text&#8221; _builder_version=&#8221;4.19.2&#8243; _module_preset=&#8221;default&#8221; text_font=&#8221;Figtree||||||||&#8221; text_font_size=&#8221;16px&#8221; text_line_height=&#8221;1.5em&#8221; link_font=&#8221;||||on|||#363844|&#8221; link_text_color=&#8221;#363844&#8243; header_font=&#8221;Bitter|600|||||||&#8221; header_font_size=&#8221;48px&#8221; header_line_height=&#8221;1.1em&#8221; header_2_font=&#8221;|700|||||||&#8221; header_2_font_size=&#8221;22px&#8221; header_3_font=&#8221;|600|||||||&#8221; header_3_font_size=&#8221;28px&#8221; header_3_line_height=&#8221;1.2em&#8221; header_4_font=&#8221;|700|||||||&#8221; header_4_text_color=&#8221;rgba(0,0,0,0.7)&#8221; header_4_font_size=&#8221;20px&#8221; header_4_line_height=&#8221;1.4em&#8221; header_5_font=&#8221;Figtree|700||on|||||&#8221; header_5_font_size=&#8221;18px&#8221; header_5_letter_spacing=&#8221;0.05em&#8221; header_6_font=&#8221;Figtree|700|||||||&#8221; header_6_text_color=&#8221;#F42279&#8243; header_6_font_size=&#8221;18px&#8221; max_width_tablet=&#8221;&#8221; max_width_phone=&#8221;400px&#8221; max_width_last_edited=&#8221;on|phone&#8221; custom_margin_tablet=&#8221;||30px||false|false&#8221; custom_margin_phone=&#8221;||20px||false|false&#8221; custom_margin_last_edited=&#8221;on|phone&#8221; custom_padding_tablet=&#8221;|||30px|false|false&#8221; custom_padding_phone=&#8221;|||30px|false|false&#8221; custom_padding_last_edited=&#8221;on|tablet&#8221; text_font_size_tablet=&#8221;17px&#8221; text_font_size_phone=&#8221;16px&#8221; text_font_size_last_edited=&#8221;on|phone&#8221; header_font_size_tablet=&#8221;44px&#8221; header_font_size_phone=&#8221;38px&#8221; header_font_size_last_edited=&#8221;on|phone&#8221; header_2_font_size_tablet=&#8221;38px&#8221; header_2_font_size_phone=&#8221;32px&#8221; header_2_font_size_last_edited=&#8221;on|desktop&#8221; header_3_font_size_tablet=&#8221;28px&#8221; header_3_font_size_phone=&#8221;22px&#8221; header_3_font_size_last_edited=&#8221;on|desktop&#8221; header_4_font_size_tablet=&#8221;22px&#8221; header_4_font_size_phone=&#8221;20px&#8221; header_4_font_size_last_edited=&#8221;on|phone&#8221; header_5_font_size_tablet=&#8221;16px&#8221; header_5_font_size_phone=&#8221;14px&#8221; header_5_font_size_last_edited=&#8221;on|phone&#8221; header_6_font_size_tablet=&#8221;16px&#8221; header_6_font_size_phone=&#8221;15px&#8221; header_6_font_size_last_edited=&#8221;on|desktop&#8221; border_color_left=&#8221;RGBA(54,56,68,0.1)&#8221; border_width_left_tablet=&#8221;0px&#8221; border_width_left_phone=&#8221;0px&#8221; border_width_left_last_edited=&#8221;on|phone&#8221; locked=&#8221;off&#8221; global_colors_info=&#8221;{}&#8221; link_text_color__hover=&#8221;#363844&#8243; link_text_color__hover_enabled=&#8221;on|hover&#8221;]<\/p>\n<p data-private=\"redact\" data-wt-guid=\"fa8d2570-9920-425b-88aa-f7c312f0c5bf\" data-pm-slice=\"1 1 []\">Periyodik olarak, \u00e7evresel fakt\u00f6rlerin duygular \u00fczerindeki etkisi a\u00e7\u0131kt\u0131r. Bazen olumlu bazen olumsuz olan bu etkenler duygular\u0131m\u0131z\u0131 farkl\u0131 y\u00f6nlere \u00e7ekebilir. Bu etkenler kar\u015f\u0131s\u0131nda ruh hali sabit kalabilen ki\u015filere duygusal a\u00e7\u0131dan dengeli ki\u015filer denir.  <\/p>\n<p data-private=\"redact\" data-wt-guid=\"fa8d2570-9920-425b-88aa-f7c312f0c5bf\" data-pm-slice=\"1 1 []\">Duygusal istikrar\u0131 olan insanlar, dengeli ruh halleriyle tan\u0131n\u0131rlar. Duygusal istikrarda y\u00fcksek puan alan ki\u015filer sakin, dengeli ve strese kar\u015f\u0131 daha dayan\u0131kl\u0131 olma e\u011filimindedir. Bu da belirli avantajlar\u0131 beraberinde getirir. Sosyal ya da i\u015f hayat\u0131nda pek \u00e7ok avantaj\u0131 beraberinde getiren duygusal istikrar, stres ve bask\u0131 fakt\u00f6rlerinin kolayca \u00fcstesinden gelebilir ve karar alma mekanizmalar\u0131n\u0131 daha sa\u011fl\u0131kl\u0131 tutabilir.   <\/p>\n<p data-private=\"redact\" data-wt-guid=\"fa8d2570-9920-425b-88aa-f7c312f0c5bf\" data-pm-slice=\"1 1 []\">Nevrotikli\u011fin z\u0131tt\u0131 olarak tan\u0131mlayabilece\u011fimiz duygusal istikrar, nevrotikli\u011fin getirdi\u011fi kayg\u0131 bozuklu\u011fu, depresyon, incinebilirlik, d\u00fcrt\u00fcsellik gibi dezavantajl\u0131 \u00f6zelliklere yatk\u0131n olmamay\u0131 beraberinde getirir. Anksiyete ve depresyondan uzak olmalar\u0131 \u00f6zg\u00fcven kazanmalar\u0131 ve yeteneklerini ortaya \u00e7\u0131karmalar\u0131 ile sonu\u00e7lan\u0131r. <\/p>\n<h2 data-private=\"redact\" data-wt-guid=\"fa8d2570-9920-425b-88aa-f7c312f0c5bf\" data-pm-slice=\"1 1 []\">Duygusal \u0130stikrar ve Kariyer Avantajlar\u0131<\/h2>\n<p data-private=\"redact\" data-wt-guid=\"fa8d2570-9920-425b-88aa-f7c312f0c5bf\" data-pm-slice=\"1 1 []\">Rasyonel, istikrarl\u0131 ve uyumlu olmak, duygusal olarak istikrarl\u0131 insanlar\u0131n kariyerlerini olumlu y\u00f6nde etkileyen en temel \u00f6zellikleridir. Duygusal olarak dengeli, g\u00fcvenilir ve basiretli bir insan olmak i\u015f hayat\u0131ndaki en \u00f6nemli avantajlardan biridir. <\/p>\n<p data-private=\"redact\" data-wt-guid=\"fa8d2570-9920-425b-88aa-f7c312f0c5bf\" data-pm-slice=\"1 1 []\">Duygusal istikrar\u0131n kariyer a\u00e7\u0131s\u0131ndan getirdi\u011fi ba\u015far\u0131lar\u0131 madde madde s\u0131ralayacak olursak;<\/p>\n<ul>\n<li data-private=\"redact\" data-wt-guid=\"fa8d2570-9920-425b-88aa-f7c312f0c5bf\" data-pm-slice=\"1 1 []\"><strong>Mant\u0131k:<\/strong> \u00c7evresel fakt\u00f6rlerin getirdi\u011fi duygusal dalgalanmalardan etkilenmeyen bu ki\u015filer, karar verirken mant\u0131k filtresini rahatl\u0131kla \u00f6n planda tutabilirler. Ayr\u0131ca sosyal ya da \u00f6zel hayatlar\u0131ndaki duygusal \u00e7alkant\u0131lar\u0131 i\u015f hayatlar\u0131na yans\u0131tmayarak maksimum performans verebilirler. <\/li>\n<li data-private=\"redact\" data-wt-guid=\"fa8d2570-9920-425b-88aa-f7c312f0c5bf\" data-pm-slice=\"1 1 []\"><strong>Pozitiflik:<\/strong> K\u00f6t\u00fc durumlara kar\u015f\u0131 kolay kolay kayg\u0131 ya da endi\u015fe ya\u015famayan ve depresif bir ruh haline girmeyen bu ki\u015filer, hem i\u015flerine hem de tak\u0131m arkada\u015flar\u0131na negatif enerji yaymayarak ba\u015far\u0131ya engel olmazlar.<\/li>\n<li data-private=\"redact\" data-wt-guid=\"fa8d2570-9920-425b-88aa-f7c312f0c5bf\" data-pm-slice=\"1 1 []\"><strong>Uyumluluk:<\/strong> Duygusal olarak dengeli insanlar\u0131n bir di\u011fer \u00f6nemli \u00f6zelli\u011fi de uyumlu olmalar\u0131d\u0131r. Strese ve olumsuz duygulara kar\u015f\u0131 hassas olmayan bu ki\u015filer, gerekti\u011finde sakin kararlar verebilme \u00f6zelli\u011fine de sahiptir. <\/li>\n<li data-private=\"redact\" data-wt-guid=\"fa8d2570-9920-425b-88aa-f7c312f0c5bf\" data-pm-slice=\"1 1 []\"><strong>\u00d6zg\u00fcven:<\/strong> Duygusal istikrara sahip ki\u015filer, kararl\u0131 duygu durumlar\u0131 sayesinde emin ad\u0131mlar atabilir ve \u00f6zg\u00fcven sahibidirler. Rahat ve sars\u0131lmaz olan bu insanlar, kararlar\u0131n\u0131 rasyonel olarak verebilirler. <\/li>\n<\/ul>\n<p data-private=\"redact\" data-wt-guid=\"fa8d2570-9920-425b-88aa-f7c312f0c5bf\" data-pm-slice=\"1 1 []\">\u0130stikrarl\u0131 insanlar, tak\u0131m \u00e7al\u0131\u015fmas\u0131 ve liderlik becerileri geli\u015ftirme konusunda y\u00fcksek bir e\u011filime sahiptir. \u0130stikrarl\u0131, iyimser ve strese kar\u015f\u0131 dayan\u0131kl\u0131 olmak, genellikle i\u015fte \u00f6nemli avantajlar sunar. Bir\u00e7ok pozisyonda duygusal durumun i\u015f performans\u0131n\u0131 belirledi\u011fi bilinmektedir. Duygusal durum, \u00f6zellikle liderlik rollerinde, zor durumlar\u0131n \u00fcstesinden gelmeye yard\u0131mc\u0131 olman\u0131n yan\u0131 s\u0131ra tak\u0131ma sakinlik yans\u0131tmak gibi ikili faydalara hizmet eder.   <\/p>\n<p data-private=\"redact\" data-wt-guid=\"fa8d2570-9920-425b-88aa-f7c312f0c5bf\" data-pm-slice=\"1 1 []\">Yeteneklerine g\u00fcvenen ve olumlu y\u00f6nleriyle \u00f6n plana \u00e7\u0131kan bu ki\u015filer, kariyer yolculuklar\u0131n\u0131n her a\u015famas\u0131nda do\u011fru kararlar verme ve y\u00f6n verme kapasitesine sahiptir. Kritik durumlarda olumsuzluklardan etkilenmeyen bu ki\u015filer, kolayl\u0131kla sorumluluk al\u0131p liderlik edebilirler. <\/p>\n<p data-private=\"redact\" data-wt-guid=\"fa8d2570-9920-425b-88aa-f7c312f0c5bf\" data-pm-slice=\"1 1 []\">PAti-DD (Duygu Durum), bireylerin mevcut duygu durumlar\u0131n\u0131 analiz edebildi\u011fi gibi, her miza\u00e7 tipine g\u00f6re bu zorluklarla nas\u0131l ba\u015fa \u00e7\u0131k\u0131laca\u011f\u0131na dair e\u011fitim programlar\u0131 da sunmaktad\u0131r.<\/p>\n<p>[\/et_pb_text][\/et_pb_column][et_pb_column type=&#8221;1_4&#8243; _builder_version=&#8221;4.19.2&#8243; _module_preset=&#8221;default&#8221; custom_padding=&#8221;|||3vw|false|false&#8221; custom_padding_tablet=&#8221;|||0vw|false|false&#8221; custom_padding_phone=&#8221;|||0vw|false|false&#8221; custom_padding_last_edited=&#8221;on|phone&#8221; border_color_left=&#8221;rgba(54,56,68,0.1)&#8221; border_width_all_tablet=&#8221;&#8221; border_width_all_phone=&#8221;&#8221; border_width_all_last_edited=&#8221;on|tablet&#8221; border_width_left_tablet=&#8221;0px&#8221; border_width_left_phone=&#8221;0px&#8221; border_width_left_last_edited=&#8221;on|phone&#8221; global_colors_info=&#8221;{}&#8221;][et_pb_image src=&#8221;https:\/\/personallytics.com\/wp-content\/uploads\/2022\/12\/badge_2.png&#8221; title_text=&#8221;badge_2&#8243; _builder_version=&#8221;4.19.2&#8243; _module_preset=&#8221;default&#8221; width=&#8221;70%&#8221; width_tablet=&#8221;20%&#8221; width_phone=&#8221;40%&#8221; width_last_edited=&#8221;on|phone&#8221; module_alignment=&#8221;center&#8221; global_colors_info=&#8221;{}&#8221;][\/et_pb_image][\/et_pb_column][\/et_pb_row][\/et_pb_section]<\/p>\n","protected":false},"excerpt":{"rendered":"<p>Periyodik olarak, \u00e7evresel fakt\u00f6rlerin duygular \u00fczerindeki etkisi a\u00e7\u0131kt\u0131r. Bazen olumlu bazen olumsuz olan bu etkenler duygular\u0131m\u0131z\u0131 farkl\u0131 y\u00f6nlere \u00e7ekebilir. Bu etkenler kar\u015f\u0131s\u0131nda ruh hali sabit kalabilen ki\u015filere duygusal a\u00e7\u0131dan dengeli ki\u015filer denir. Duygusal istikrar\u0131 olan insanlar, dengeli ruh halleriyle tan\u0131n\u0131rlar. Duygusal istikrarda y\u00fcksek puan alan ki\u015filer sakin, dengeli ve strese kar\u015f\u0131 daha dayan\u0131kl\u0131 olma e\u011filimindedir. [&hellip;]<\/p>\n","protected":false},"author":1,"featured_media":0,"parent":0,"menu_order":0,"comment_status":"closed","ping_status":"closed","template":"","meta":{"_et_pb_use_builder":"on","_et_pb_old_content":"","_et_gb_content_width":"","footnotes":""},"class_list":["post-100486","page","type-page","status-publish","hentry"],"_links":{"self":[{"href":"https:\/\/personallytics.com\/tr\/wp-json\/wp\/v2\/pages\/100486","targetHints":{"allow":["GET"]}}],"collection":[{"href":"https:\/\/personallytics.com\/tr\/wp-json\/wp\/v2\/pages"}],"about":[{"href":"https:\/\/personallytics.com\/tr\/wp-json\/wp\/v2\/types\/page"}],"author":[{"embeddable":true,"href":"https:\/\/personallytics.com\/tr\/wp-json\/wp\/v2\/users\/1"}],"replies":[{"embeddable":true,"href":"https:\/\/personallytics.com\/tr\/wp-json\/wp\/v2\/comments?post=100486"}],"version-history":[{"count":7,"href":"https:\/\/personallytics.com\/tr\/wp-json\/wp\/v2\/pages\/100486\/revisions"}],"predecessor-version":[{"id":100824,"href":"https:\/\/personallytics.com\/tr\/wp-json\/wp\/v2\/pages\/100486\/revisions\/100824"}],"wp:attachment":[{"href":"https:\/\/personallytics.com\/tr\/wp-json\/wp\/v2\/media?parent=100486"}],"curies":[{"name":"wp","href":"https:\/\/api.w.org\/{rel}","templated":true}]}}